{"id":14,"date":"2020-04-13T16:22:20","date_gmt":"2020-04-13T14:22:20","guid":{"rendered":"http:\/\/concept-house.pl\/?page_id=14"},"modified":"2020-10-24T18:04:58","modified_gmt":"2020-10-24T16:04:58","slug":"strona-glowna","status":"publish","type":"page","link":"http:\/\/concept-house.pl\/","title":{"rendered":"O mnie&#8230;"},"content":{"rendered":"\n<p>Witam na mojej stronie!<\/p>\n\n\n\n<p>Nasze motto \u201eod pomys\u0142u do realizacji\u201d to wyj\u015bcie naprzeciw potrzebom naszych klient\u00f3w. W czasach kiedy nie znajdujemy czasu na wyj\u015bcie do kina, niezwykle karko\u0142omnym wydaje si\u0119 urz\u0105dzenie mieszkania, domu, jego remont lub renowacja. W\u0142a\u015bnie dlatego staramy si\u0119 by\u0107 na ka\u017cdym etapie inwestycji wspieraj\u0105c klienta sprawdzonymi wykonawcami.&nbsp;<\/p>\n\n\n\n<p>Nazywam si\u0119 Ma\u0142gorzata O\u015bcik \u2013 Sawczyn i od zawsze pasjonowa\u0142am si\u0119 architektur\u0105. Jestem absolwentk\u0105 Wydzia\u0142u Architektury na kierunku Architektura i Urbanistyka, a tak\u017ce Studi\u00f3w Podyplomowych z zakresu Projektowania Wn\u0119trz.<\/p>\n\n\n\n<p>Od blisko 15 lat zajmuj\u0119 si\u0119 projektowaniem zar\u00f3wno ca\u0142ych obiekt\u00f3w jak i ich wn\u0119trz. Mam do\u015bwiadczenie w projektach zar\u00f3wno dla inwestora indywidualnego jak i instytucjonalnego. Zawsze staram si\u0119 wys\u0142ucha\u0107 klienta, jego potrzeb i zaproponowa\u0107 optymalne rozwi\u0105zanie.<\/p>\n\n\n\n<p>Jestem do Pa\u0144stwa dyspozycji<\/p>\n\n\n\n<p><\/p>\n\n\n\n<p>Ma\u0142gorzata O\u015bcik \u2013 Sawczyn<\/p>\n","protected":false},"excerpt":{"rendered":"<p>Witam na mojej stronie! Nasze motto \u201eod pomys\u0142u do realizacji\u201d to wyj\u015bcie naprzeciw potrzebom naszych klient\u00f3w. W czasach kiedy nie znajdujemy czasu na wyj\u015bcie do kina, niezwykle karko\u0142omnym wydaje si\u0119 urz\u0105dzenie mieszkania, domu, jego remont lub renowacja. W\u0142a\u015bnie dlatego staramy si\u0119 by\u0107 na ka\u017cdym etapie inwestycji wspieraj\u0105c klienta sprawdzonymi wykonawcami.&nbsp; Nazywam si\u0119 Ma\u0142gorzata O\u015bcik \u2013 &hellip; <\/p>\n<p class=\"link-more\"><a href=\"http:\/\/concept-house.pl\/\" class=\"more-link\">Continue reading<span class=\"screen-reader-text\"> &#8220;O mnie&#8230;&#8221;<\/span><\/a><\/p>\n","protected":false},"author":1,"featured_media":0,"parent":0,"menu_order":0,"comment_status":"closed","ping_status":"closed","template":"","meta":[],"_links":{"self":[{"href":"http:\/\/concept-house.pl\/index.php?rest_route=\/wp\/v2\/pages\/14"}],"collection":[{"href":"http:\/\/concept-house.pl\/index.php?rest_route=\/wp\/v2\/pages"}],"about":[{"href":"http:\/\/concept-house.pl\/index.php?rest_route=\/wp\/v2\/types\/page"}],"author":[{"embeddable":true,"href":"http:\/\/concept-house.pl\/index.php?rest_route=\/wp\/v2\/users\/1"}],"replies":[{"embeddable":true,"href":"http:\/\/concept-house.pl\/index.php?rest_route=%2Fwp%2Fv2%2Fcomments&post=14"}],"version-history":[{"count":7,"href":"http:\/\/concept-house.pl\/index.php?rest_route=\/wp\/v2\/pages\/14\/revisions"}],"predecessor-version":[{"id":59,"href":"http:\/\/concept-house.pl\/index.php?rest_route=\/wp\/v2\/pages\/14\/revisions\/59"}],"wp:attachment":[{"href":"http:\/\/concept-house.pl\/index.php?rest_route=%2Fwp%2Fv2%2Fmedia&parent=14"}],"curies":[{"name":"wp","href":"https:\/\/api.w.org\/{rel}","templated":true}]}}